{"id":3,"date":"2021-11-22T08:12:25","date_gmt":"2021-11-22T08:12:25","guid":{"rendered":"https:\/\/robertocastricini.it\/?page_id=3"},"modified":"2021-11-23T15:33:00","modified_gmt":"2021-11-23T14:33:00","slug":"privacy-policy","status":"publish","type":"page","link":"https:\/\/robertocastricini.it\/index.php\/privacy-policy\/","title":{"rendered":"Privacy Policy"},"content":{"rendered":"\t\t<div data-elementor-type=\"wp-page\" data-elementor-id=\"3\" class=\"elementor elementor-3\">\n\t\t\t\t\t\t<section class=\"elementor-section elementor-top-section elementor-element elementor-element-109da69f elementor-section-boxed elementor-section-height-default elementor-section-height-default wpr-particle-no wpr-jarallax-no wpr-parallax-no wpr-sticky-section-no wpr-column-slider-no wpr-equal-height-no\" data-id=\"109da69f\" data-element_type=\"section\" data-e-type=\"section\">\n\t\t\t\t\t\t<div class=\"elementor-container elementor-column-gap-default\">\n\t\t\t\t\t<div class=\"elementor-column elementor-col-100 elementor-top-column elementor-element elementor-element-7404ffe3\" data-id=\"7404ffe3\" data-element_type=\"column\" data-e-type=\"column\">\n\t\t\t<div class=\"elementor-widget-wrap elementor-element-populated\">\n\t\t\t\t\t\t<div class=\"elementor-element elementor-element-6eb4d790 elementor-widget elementor-widget-text-editor\" data-id=\"6eb4d790\" data-element_type=\"widget\" data-e-type=\"widget\" data-widget_type=\"text-editor.default\">\n\t\t\t\t<div class=\"elementor-widget-container\">\n\t\t\t\t\t\t\t\t\t<h2><span style=\"color: #0000ff;\">Chi siamo<\/span><\/h2>\n<p><\/p>\n<p>Robertocastricini.it \u00e8 il sito web del Dr. Roberto Castricini, che ne cura i contenuti e risponde alle richieste di contatto tramite il form email presente sul sito.<\/p>\n<p>\u00a0<\/p>\n<p><\/p>\n<p><\/p>\n<h2><span style=\"color: #0000ff;\">Commenti<\/span><\/h2>\n<p><\/p>\n<p><\/p>\n<p>Sul sito robertocastricini.it non viene data la possibilit\u00e0 di lasciare commenti, essendo nato con l&#8217;intenzione esclusiva di poter informare il pubblico sull&#8217;attivit\u00e0 svolta dal Dr. Roberto Castricini ed eventualmente contattarlo tramite il form presente nella pagina &#8220;per una visita&#8221;.<\/p>\n<p>\u00a0<\/p>\n<p><\/p>\n<p><\/p>\n<h2 style=\"text-align: left;\"><span style=\"color: #0000ff;\">Informativa generale ex art. 13 Regolamento UE 679\/2016 (GDPR) per i dati trattati tramite il sito<\/span><\/h2>\n<p><\/p>\n<p><\/p>\n<p style=\"text-align: left;\">Il Dr. Roberto Castricini, con sede legale in Via Renato Sordi, 21\/A &#8211; 60015 &#8211; Falconara Marittima,\u00a0 P.IVA 02311780429\u00a0 (in seguito, \u201cTitolare\u201d), in qualit\u00e0 di titolare del trattamento, La informa ai sensi dell\u2019art. 13 Regolamento UE n. 2016\/679 (in seguito, \u201cGDPR\u201d) che i Suoi dati personali saranno trattati con le modalit\u00e0 e per le finalit\u00e0 seguenti.<\/p>\n<p>\u00a0<\/p>\n<p><\/p>\n<p><\/p>\n<h2><span style=\"color: #0000ff;\">Invio di messaggio email tramite compilazione del form.<\/span><\/h2>\n<p><\/p>\n<p><\/p>\n<p>L\u2019invio facoltativo e volontario del messaggio di posta elettronica generato dalla compilazione del form dedicato comporta la successiva acquisizione dell\u2019indirizzo mail del mittente, necessario per rispondere alle richieste, nonch\u00e9 degli eventuali altri dati personali inseriti nel corpo del messaggio del form.<br \/>Nessun dato derivante dal servizio di posta elettronica o messaggistica di \u201ccontatti\u201d viene diffuso; i dati raccolti tramite il form o tramite l\u2019invio di posta elettronica sono gestiti direttamente dal Titolare del trattamento.<br \/>L\u2019utente \u00e8 obbligato ad accettare il trattamento dei dati personali per inviare la mail di contatto (almeno nome\/cognome\/indirizzo mail): il loro mancato conferimento comporta l\u2019impossibilit\u00e0 di procedere all&#8217;invio della mail. I dati personali sono trattati con strumenti automatizzati solo per il tempo strettamente necessario a conseguire gli scopi per cui sono stati raccolti. Specifiche misure di sicurezza sono osservate per prevenire la perdita dei dati, usi illeciti o non corretti ed accessi non autorizzati.<\/p>\n<p>\u00a0<\/p>\n<p><\/p>\n<p><\/p>\n<h2><span style=\"color: #0000ff;\">Informativa generale di carattere &#8220;sanitario&#8221;<\/span><\/h2>\n<p><\/p>\n<p><\/p>\n<p id=\"tw-target-text\">I dati da Lei forniti e quelli che saranno forniti in futuro, saranno oggetto di trattamento da parte del Titolare, secondo quanto previsto dalla vigente normativa e nel rispetto dell\u2019obbligo di riservatezza, con le modalit\u00e0 e per le finalit\u00e0 seguenti.<br \/>Il Titolare tratta i dati personali (es. dati anagrafici, dati di contatto, dati riguardanti la salute, riferimenti bancari e di pagamento) comunicati dall&#8217;utente in occasione dell&#8217;eventuale compilazione del form (che genera una mail automatica al Titolare).\u00a0<\/p>\n<p>Successivamente il Titolare potrebbe ricontattarla e richiederle ulteriori dati sensibili per finalit\u00e0 strettamente connesse alla erogazione di prestazione sanitaria e quindi per finalit\u00e0 di prevenzione, diagnosi, assistenza, cura, riabilitazione; i dati saranno altres\u00ec utilizzati per le connesse attivit\u00e0 amministrativo \u2013 contabili, fiscali e legali (es. comunicazioni al Servizio Sanitario Nazionale). I dati non saranno utilizzati per fini difformi a quelli sopra dettagliati.<br \/>Le basi giuridiche del trattamento sono quindi: il consenso esplicito (art. 9 lett. a) GDPR), le finalit\u00e0 sanitarie (art. 9 lett. h) GDPR), l\u2019obbligo contrattuale, l\u2019obbligo di legge ed il legittimo interesse del Titolare (art. 6 lett. b) c) f) GDPR).<br \/>Il trattamento delle informazioni che La riguardano sar\u00e0 sempre improntato ai principi di correttezza, liceit\u00e0 e trasparenza a tutela della Sua riservatezza e sar\u00e0 svolto in forma automatizzata e\/o manuale, nel rispetto delle misure di sicurezza di cui all\u2019art. 32 GDPR ad opera di soggetti appositamente autorizzati ai sensi degli artt. 28 e 29 GDPR.<br \/>Ferma la Sua autonomia, il conferimento di tali dati \u00e8 obbligatorio in quanto le informazioni che Lei ci fornisce sono necessarie per conoscere il Suo stato di salute e per le connesse finalit\u00e0 di prevenzione, diagnosi, cura e riabilitazione, nonch\u00e9 per i conseguenti adempimenti degli obblighi amministrativi, contabili, fiscali e legali. La mancata comunicazione dei dati richiesti potrebbe comportare, infatti, l\u2019impossibilit\u00e0 di erogare la prestazione sanitaria richiesta.<br \/>I dati raccolti non saranno oggetto di trasferimento verso paesi terzi. I dati personali sono trattati e conservati su server ubicati all\u2019interno della UE.<br \/>Le segnaliamo che, nel rispetto dei principi di liceit\u00e0, limitazione delle finalit\u00e0 e minimizzazione dei dati, ai sensi dell\u2019art. 5 Regolamento UE 2016\/679, il periodo di conservazione dei Suoi dati personali \u00e8 stabilito per un arco di tempo non superiore al conseguimento delle finalit\u00e0 per le quali sono raccolti e nel rispetto delle tempi prescritti dalla legge.<br \/>In particolare, i dati personali saranno conservati nei nostri archivi per i periodi dettati dalla legge o per esigenze civilistiche connesse.<br \/>I Suoi dati potranno essere comunicati:<br \/>a collaboratori del Titolare nella loro qualit\u00e0 di autorizzati al trattamento (es. impiegati, infermieri, medici);<br \/>a societ\u00e0 terze o altri soggetti (a titolo indicativo, studi professionali, consulenti, societ\u00e0 di servizi, etc.) che svolgono attivit\u00e0 in outsourcing per conto del Titolare, nella loro qualit\u00e0 di responsabili esterni del trattamento. Queste terze parti possono trattare i dati personali solo nella misura necessaria per erogare i loro servizi. I nostri responsabili del trattamento dei dati hanno l\u2019obbligo contrattuale di trattare tali informazioni con la massima riservatezza;<br \/>in base alle norme vigenti e per quanto di competenza, alla ASUR, alle Aree Vaste (ex ASL), alle Aziende Ospedaliere e alla Sua Regione di appartenenza;<br \/>dietro specifica e motivata richiesta, all\u2019Autorit\u00e0 Giudiziaria o alle Autorit\u00e0 di Pubblica Sicurezza ad altri enti destinatari per legge o regolamenti;<br \/>alle Compagnie di Assicurazione con le quali \u00e8 in vigore un contratto contro i rischi derivanti dalla Responsabilit\u00e0 civile verso terzi, in caso di sinistro;<br \/>alla Sua Compagnia di Assicurazione qualora la prestazione sanitaria sia indennizzata a termini di polizza;<br \/>agli Enti Previdenziali per gli scopi connessi alla tutela della persona assistita;<br \/>ad altri soggetti pubblici (es. Comuni\/Regioni) per finalit\u00e0 istituzionali.<br \/>I Suoi dati personali non saranno in alcun modo diffusi.<br \/>Tra i dati personali raccolti per finalit\u00e0 sopra dettagliate, ai sensi degli artt. 9 e 10 GDPR, sono presenti dati qualificabili come \u201ccategorie particolari di dati personali\u201d (es. \u201cdati genetici, dati relativi alla salute\u201d).<\/p>\n<p><\/p>\n<p><\/p>\n<h2><span style=\"color: #0000ff;\">Diritti dell&#8217;interessato<\/span><\/h2>\n<p><\/p>\n<p><\/p>\n<p>L\u2019interessato ha sempre la facolt\u00e0, in qualsiasi momento, di esercitare i diritti riconosciuti dall\u2019art. 15 GDPR:<\/p>\n<ul>\n<li>Diritto di accesso ai dati personali;<\/li>\n<li>Diritto di ottenere la rettifica o la cancellazione degli stessi o la limitazione del trattamento che lo riguardano;<\/li>\n<li>Diritto di opporsi al trattamento;<\/li>\n<li>Diritto alla portabilit\u00e0 dei dati;<\/li>\n<li>Diritto di revocare il consenso, ove previsto (la revoca del consenso non pregiudica la liceit\u00e0 del trattamento basata sul consenso conferito prima della revoca);<\/li>\n<li>Diritto di proporre reclamo all\u2019autorit\u00e0 di controllo (\u201cGarante per la Protezione dei Dati Personali\u201d i cui dati di contatto sono indicati nel sito www.garanteprivacy.it)<\/li>\n<li>Ove applicabili, ha altres\u00ec i diritti di cui agli artt. 16-21 GDPR (diritto all\u2019oblio, diritto di limitazione di trattamento, diritto alla portabilit\u00e0 dei dati, diritto di opposizione).<\/li>\n<\/ul>\n<p><\/p>\n<p><\/p>\n<h2><span style=\"color: #0000ff;\">Modalit\u00e0 di esercizio del diritto<\/span><\/h2>\n<p><\/p>\n<p><\/p>\n<p>Potr\u00e0 in qualsiasi momento esercitare i diritti sopra elencati inviando:<\/p>\n<ul>\n<li>una raccomandata A.R. al Titolare, con sede legale in Via Renato Sordi, 21\/A &#8211; 60015 Falconara Marittima<\/li>\n<li>pec all&#8217;indirizzo roberto.castricini@an.omceo.it<\/li>\n<\/ul>\n<h2><span style=\"color: #0000ff;\">Dati di contatto del titolare<\/span><\/h2>\n<p>Il Titolare del Trattamento \u00e8 il Dr. Roberto Castricini i cui dati di contatto sono indicati nella presente informativa, nella modalit\u00e0 di esercizio del diritto.<\/p>\n<p><\/p>\n<p><\/p>\n<p><\/p>\n<p class=\"has-text-align-right has-vivid-cyan-blue-color has-text-color\">\u00a0<\/p>\n<p style=\"text-align: right;\"><span style=\"color: #0000ff;\"><em>Ultima stesura: 22\/11\/2021\u00a0 \u00a0 \u00a0 \u00a0 Dr. Roberto Castricini<\/em><\/span><\/p>\n<p>\u00a0<\/p>\n<p><\/p>\t\t\t\t\t\t\t\t<\/div>\n\t\t\t\t<\/div>\n\t\t\t\t\t<\/div>\n\t\t<\/div>\n\t\t\t\t\t<\/div>\n\t\t<\/section>\n\t\t\t\t<\/div>\n\t\t","protected":false},"excerpt":{"rendered":"<p>Chi siamo Robertocastricini.it \u00e8 il sito web del Dr. Roberto Castricini, che ne cura i contenuti e risponde alle richieste di contatto tramite il form email presente sul sito. \u00a0 Commenti Sul sito robertocastricini.it non viene data la possibilit\u00e0 di lasciare commenti, essendo nato con l&#8217;intenzione esclusiva di poter informare il pubblico sull&#8217;attivit\u00e0 svolta dal Dr. Roberto Castricini ed eventualmente contattarlo tramite il form presente nella pagina &#8220;per una visita&#8221;. \u00a0 Informativa generale ex art. 13 Regolamento UE 679\/2016 (GDPR) per i dati trattati tramite il sito Il Dr. Roberto Castricini, con sede legale in Via Renato Sordi, 21\/A &#8211; 60015 &#8211; Falconara Marittima,\u00a0 P.IVA 02311780429\u00a0 (in seguito, \u201cTitolare\u201d), in qualit\u00e0 di titolare del trattamento, La informa ai sensi dell\u2019art. 13 Regolamento UE n. 2016\/679 (in seguito, \u201cGDPR\u201d) che i Suoi dati personali saranno trattati con le modalit\u00e0 e per le finalit\u00e0 seguenti. \u00a0 Invio di messaggio email tramite compilazione del form. L\u2019invio facoltativo e volontario del messaggio di posta elettronica generato dalla compilazione del form dedicato comporta la successiva acquisizione dell\u2019indirizzo mail del mittente, necessario per rispondere alle richieste, nonch\u00e9 degli eventuali altri dati personali inseriti nel corpo del messaggio del form.Nessun dato derivante dal servizio di posta elettronica o messaggistica di \u201ccontatti\u201d viene diffuso; i dati raccolti tramite il form o tramite l\u2019invio di posta elettronica sono gestiti direttamente dal Titolare del trattamento.L\u2019utente \u00e8 obbligato ad accettare il trattamento dei dati personali per inviare la mail di contatto (almeno nome\/cognome\/indirizzo mail): il loro mancato conferimento comporta l\u2019impossibilit\u00e0 di procedere all&#8217;invio della mail. I dati personali sono trattati con strumenti automatizzati solo per il tempo strettamente necessario a conseguire gli scopi per cui sono stati raccolti. Specifiche misure di sicurezza sono osservate per prevenire la perdita dei dati, usi illeciti o non corretti ed accessi non autorizzati. \u00a0 Informativa generale di carattere &#8220;sanitario&#8221; I dati da Lei forniti e quelli che saranno forniti in futuro, saranno oggetto di trattamento da parte del Titolare, secondo quanto previsto dalla vigente normativa e nel rispetto dell\u2019obbligo di riservatezza, con le modalit\u00e0 e per le finalit\u00e0 seguenti.Il Titolare tratta i dati personali (es. dati anagrafici, dati di contatto, dati riguardanti la salute, riferimenti bancari e di pagamento) comunicati dall&#8217;utente in occasione dell&#8217;eventuale compilazione del form (che genera una mail automatica al Titolare).\u00a0 Successivamente il Titolare potrebbe ricontattarla e richiederle ulteriori dati sensibili per finalit\u00e0 strettamente connesse alla erogazione di prestazione sanitaria e quindi per finalit\u00e0 di prevenzione, diagnosi, assistenza, cura, riabilitazione; i dati saranno altres\u00ec utilizzati per le connesse attivit\u00e0 amministrativo \u2013 contabili, fiscali e legali (es. comunicazioni al Servizio Sanitario Nazionale). I dati non saranno utilizzati per fini difformi a quelli sopra dettagliati.Le basi giuridiche del trattamento sono quindi: il consenso esplicito (art. 9 lett. a) GDPR), le finalit\u00e0 sanitarie (art. 9 lett. h) GDPR), l\u2019obbligo contrattuale, l\u2019obbligo di legge ed il legittimo interesse del Titolare (art. 6 lett. b) c) f) GDPR).Il trattamento delle informazioni che La riguardano sar\u00e0 sempre improntato ai principi di correttezza, liceit\u00e0 e trasparenza a tutela della Sua riservatezza e sar\u00e0 svolto in forma automatizzata e\/o manuale, nel rispetto delle misure di sicurezza di cui all\u2019art. 32 GDPR ad opera di soggetti appositamente autorizzati ai sensi degli artt. 28 e 29 GDPR.Ferma la Sua autonomia, il conferimento di tali dati \u00e8 obbligatorio in quanto le informazioni che Lei ci fornisce sono necessarie per conoscere il Suo stato di salute e per le connesse finalit\u00e0 di prevenzione, diagnosi, cura e riabilitazione, nonch\u00e9 per i conseguenti adempimenti degli obblighi amministrativi, contabili, fiscali e legali. La mancata comunicazione dei dati richiesti potrebbe comportare, infatti, l\u2019impossibilit\u00e0 di erogare la prestazione sanitaria richiesta.I dati raccolti non saranno oggetto di trasferimento verso paesi terzi. I dati personali sono trattati e conservati su server ubicati all\u2019interno della UE.Le segnaliamo che, nel rispetto dei principi di liceit\u00e0, limitazione delle finalit\u00e0 e minimizzazione dei dati, ai sensi dell\u2019art. 5 Regolamento UE 2016\/679, il periodo di conservazione dei Suoi dati personali \u00e8 stabilito per un arco di tempo non superiore al conseguimento delle finalit\u00e0 per le quali sono raccolti e nel rispetto delle tempi prescritti dalla legge.In particolare, i dati personali saranno conservati nei nostri archivi per i periodi dettati dalla legge o per esigenze civilistiche connesse.I Suoi dati potranno essere comunicati:a collaboratori del Titolare nella loro qualit\u00e0 di autorizzati al trattamento (es. impiegati, infermieri, medici);a societ\u00e0 terze o altri soggetti (a titolo indicativo, studi professionali, consulenti, societ\u00e0 di servizi, etc.) che svolgono attivit\u00e0 in outsourcing per conto del Titolare, nella loro qualit\u00e0 di responsabili esterni del trattamento. Queste terze parti possono trattare i dati personali solo nella misura necessaria per erogare i loro servizi. I nostri responsabili del trattamento dei dati hanno l\u2019obbligo contrattuale di trattare tali informazioni con la massima riservatezza;in base alle norme vigenti e per quanto di competenza, alla ASUR, alle Aree Vaste (ex ASL), alle Aziende Ospedaliere e alla Sua Regione di appartenenza;dietro specifica e motivata richiesta, all\u2019Autorit\u00e0 Giudiziaria o alle Autorit\u00e0 di Pubblica Sicurezza ad altri enti destinatari per legge o regolamenti;alle Compagnie di Assicurazione con le quali \u00e8 in vigore un contratto contro i rischi derivanti dalla Responsabilit\u00e0 civile verso terzi, in caso di sinistro;alla Sua Compagnia di Assicurazione qualora la prestazione sanitaria sia indennizzata a termini di polizza;agli Enti Previdenziali per gli scopi connessi alla tutela della persona assistita;ad altri soggetti pubblici (es. Comuni\/Regioni) per finalit\u00e0 istituzionali.I Suoi dati personali non saranno in alcun modo diffusi.Tra i dati personali raccolti per finalit\u00e0 sopra dettagliate, ai sensi degli artt. 9 e 10 GDPR, sono presenti dati qualificabili come \u201ccategorie particolari di dati personali\u201d (es. \u201cdati genetici, dati relativi alla salute\u201d). Diritti dell&#8217;interessato L\u2019interessato ha sempre la facolt\u00e0, in qualsiasi momento, di esercitare i diritti riconosciuti dall\u2019art. 15 GDPR: Diritto di accesso ai dati personali; Diritto di ottenere la rettifica o la cancellazione degli stessi o la limitazione del trattamento che lo riguardano; Diritto di opporsi al trattamento; Diritto alla portabilit\u00e0 dei dati; Diritto di revocare il consenso, ove previsto (la revoca del consenso non pregiudica la liceit\u00e0 del trattamento basata sul consenso conferito prima della revoca); Diritto di proporre reclamo all\u2019autorit\u00e0 di controllo (\u201cGarante per la Protezione dei Dati Personali\u201d i cui dati di contatto sono indicati nel sito www.garanteprivacy.it) Ove applicabili, ha altres\u00ec i diritti di cui agli artt. 16-21 GDPR (diritto all\u2019oblio, diritto di limitazione di trattamento, diritto alla portabilit\u00e0 dei dati, diritto di opposizione). Modalit\u00e0 di esercizio del diritto Potr\u00e0 in qualsiasi momento esercitare i diritti sopra elencati inviando: una raccomandata A.R. al Titolare, con sede legale in Via Renato Sordi, 21\/A &#8211; 60015 Falconara Marittima pec all&#8217;indirizzo roberto.castricini@an.omceo.it Dati di contatto del titolare Il Titolare del Trattamento \u00e8 il Dr. Roberto Castricini i cui dati di contatto sono indicati nella presente informativa, nella modalit\u00e0 di esercizio del diritto. \u00a0 Ultima stesura: 22\/11\/2021\u00a0 \u00a0 \u00a0 \u00a0 Dr. Roberto Castricini \u00a0<\/p>\n","protected":false},"author":1,"featured_media":0,"parent":0,"menu_order":0,"comment_status":"closed","ping_status":"closed","template":"","meta":{"footnotes":""},"class_list":["post-3","page","type-page","status-publish","hentry"],"yoast_head":"<!-- This site is optimized with the Yoast SEO plugin v27.6 - https:\/\/yoast.com\/product\/yoast-seo-wordpress\/ -->\n<title>Privacy Policy - Roberto Castricini<\/title>\n<meta name=\"description\" content=\"Privacy Policy del sito robertocastricini.it\" \/>\n<meta name=\"robots\" content=\"noindex, nofollow\" \/>\n<meta property=\"og:locale\" content=\"it_IT\" \/>\n<meta property=\"og:type\" content=\"article\" \/>\n<meta property=\"og:title\" content=\"Privacy Policy - Roberto Castricini\" \/>\n<meta property=\"og:description\" content=\"Privacy Policy del sito robertocastricini.it\" \/>\n<meta property=\"og:url\" content=\"https:\/\/robertocastricini.it\/index.php\/privacy-policy\/\" \/>\n<meta property=\"og:site_name\" content=\"Roberto Castricini\" \/>\n<meta property=\"article:modified_time\" content=\"2021-11-23T14:33:00+00:00\" \/>\n<meta name=\"twitter:card\" content=\"summary_large_image\" \/>\n<meta name=\"twitter:label1\" content=\"Tempo di lettura stimato\" \/>\n\t<meta name=\"twitter:data1\" content=\"5 minuti\" \/>\n<script type=\"application\/ld+json\" class=\"yoast-schema-graph\">{\"@context\":\"https:\\\/\\\/schema.org\",\"@graph\":[{\"@type\":[\"WebPage\",\"MedicalWebPage\"],\"@id\":\"https:\\\/\\\/robertocastricini.it\\\/index.php\\\/privacy-policy\\\/\",\"url\":\"https:\\\/\\\/robertocastricini.it\\\/index.php\\\/privacy-policy\\\/\",\"name\":\"Privacy Policy - Roberto Castricini\",\"isPartOf\":{\"@id\":\"https:\\\/\\\/robertocastricini.it\\\/#website\"},\"datePublished\":\"2021-11-22T08:12:25+00:00\",\"dateModified\":\"2021-11-23T14:33:00+00:00\",\"description\":\"Privacy Policy del sito robertocastricini.it\",\"breadcrumb\":{\"@id\":\"https:\\\/\\\/robertocastricini.it\\\/index.php\\\/privacy-policy\\\/#breadcrumb\"},\"inLanguage\":\"it-IT\",\"potentialAction\":[{\"@type\":\"ReadAction\",\"target\":[\"https:\\\/\\\/robertocastricini.it\\\/index.php\\\/privacy-policy\\\/\"]}]},{\"@type\":\"BreadcrumbList\",\"@id\":\"https:\\\/\\\/robertocastricini.it\\\/index.php\\\/privacy-policy\\\/#breadcrumb\",\"itemListElement\":[{\"@type\":\"ListItem\",\"position\":1,\"name\":\"Home\",\"item\":\"https:\\\/\\\/robertocastricini.it\\\/\"},{\"@type\":\"ListItem\",\"position\":2,\"name\":\"Privacy Policy\"}]},{\"@type\":\"WebSite\",\"@id\":\"https:\\\/\\\/robertocastricini.it\\\/#website\",\"url\":\"https:\\\/\\\/robertocastricini.it\\\/\",\"name\":\"Roberto Castricini\",\"description\":\"Specialista per la spalla\",\"publisher\":{\"@id\":\"https:\\\/\\\/robertocastricini.it\\\/#\\\/schema\\\/person\\\/c8445f14ffdbf7a88c578738b6c94844\"},\"potentialAction\":[{\"@type\":\"SearchAction\",\"target\":{\"@type\":\"EntryPoint\",\"urlTemplate\":\"https:\\\/\\\/robertocastricini.it\\\/?s={search_term_string}\"},\"query-input\":{\"@type\":\"PropertyValueSpecification\",\"valueRequired\":true,\"valueName\":\"search_term_string\"}}],\"inLanguage\":\"it-IT\"},{\"@type\":[\"Person\",\"Organization\"],\"@id\":\"https:\\\/\\\/robertocastricini.it\\\/#\\\/schema\\\/person\\\/c8445f14ffdbf7a88c578738b6c94844\",\"name\":\"admin\",\"image\":{\"@type\":\"ImageObject\",\"inLanguage\":\"it-IT\",\"@id\":\"https:\\\/\\\/robertocastricini.it\\\/wp-content\\\/uploads\\\/2021\\\/11\\\/Info_foto-e1639344635874.jpg\",\"url\":\"https:\\\/\\\/robertocastricini.it\\\/wp-content\\\/uploads\\\/2021\\\/11\\\/Info_foto-e1639344635874.jpg\",\"contentUrl\":\"https:\\\/\\\/robertocastricini.it\\\/wp-content\\\/uploads\\\/2021\\\/11\\\/Info_foto-e1639344635874.jpg\",\"width\":202,\"height\":185,\"caption\":\"admin\"},\"logo\":{\"@id\":\"https:\\\/\\\/robertocastricini.it\\\/wp-content\\\/uploads\\\/2021\\\/11\\\/Info_foto-e1639344635874.jpg\"},\"sameAs\":[\"https:\\\/\\\/robertocastricini.it\"]}]}<\/script>\n<!-- \/ Yoast SEO plugin. -->","yoast_head_json":{"title":"Privacy Policy - Roberto Castricini","description":"Privacy Policy del sito robertocastricini.it","robots":{"index":"noindex","follow":"nofollow"},"og_locale":"it_IT","og_type":"article","og_title":"Privacy Policy - Roberto Castricini","og_description":"Privacy Policy del sito robertocastricini.it","og_url":"https:\/\/robertocastricini.it\/index.php\/privacy-policy\/","og_site_name":"Roberto Castricini","article_modified_time":"2021-11-23T14:33:00+00:00","twitter_card":"summary_large_image","twitter_misc":{"Tempo di lettura stimato":"5 minuti"},"schema":{"@context":"https:\/\/schema.org","@graph":[{"@type":["WebPage","MedicalWebPage"],"@id":"https:\/\/robertocastricini.it\/index.php\/privacy-policy\/","url":"https:\/\/robertocastricini.it\/index.php\/privacy-policy\/","name":"Privacy Policy - Roberto Castricini","isPartOf":{"@id":"https:\/\/robertocastricini.it\/#website"},"datePublished":"2021-11-22T08:12:25+00:00","dateModified":"2021-11-23T14:33:00+00:00","description":"Privacy Policy del sito robertocastricini.it","breadcrumb":{"@id":"https:\/\/robertocastricini.it\/index.php\/privacy-policy\/#breadcrumb"},"inLanguage":"it-IT","potentialAction":[{"@type":"ReadAction","target":["https:\/\/robertocastricini.it\/index.php\/privacy-policy\/"]}]},{"@type":"BreadcrumbList","@id":"https:\/\/robertocastricini.it\/index.php\/privacy-policy\/#breadcrumb","itemListElement":[{"@type":"ListItem","position":1,"name":"Home","item":"https:\/\/robertocastricini.it\/"},{"@type":"ListItem","position":2,"name":"Privacy Policy"}]},{"@type":"WebSite","@id":"https:\/\/robertocastricini.it\/#website","url":"https:\/\/robertocastricini.it\/","name":"Roberto Castricini","description":"Specialista per la spalla","publisher":{"@id":"https:\/\/robertocastricini.it\/#\/schema\/person\/c8445f14ffdbf7a88c578738b6c94844"},"potentialAction":[{"@type":"SearchAction","target":{"@type":"EntryPoint","urlTemplate":"https:\/\/robertocastricini.it\/?s={search_term_string}"},"query-input":{"@type":"PropertyValueSpecification","valueRequired":true,"valueName":"search_term_string"}}],"inLanguage":"it-IT"},{"@type":["Person","Organization"],"@id":"https:\/\/robertocastricini.it\/#\/schema\/person\/c8445f14ffdbf7a88c578738b6c94844","name":"admin","image":{"@type":"ImageObject","inLanguage":"it-IT","@id":"https:\/\/robertocastricini.it\/wp-content\/uploads\/2021\/11\/Info_foto-e1639344635874.jpg","url":"https:\/\/robertocastricini.it\/wp-content\/uploads\/2021\/11\/Info_foto-e1639344635874.jpg","contentUrl":"https:\/\/robertocastricini.it\/wp-content\/uploads\/2021\/11\/Info_foto-e1639344635874.jpg","width":202,"height":185,"caption":"admin"},"logo":{"@id":"https:\/\/robertocastricini.it\/wp-content\/uploads\/2021\/11\/Info_foto-e1639344635874.jpg"},"sameAs":["https:\/\/robertocastricini.it"]}]}},"jetpack_sharing_enabled":true,"_links":{"self":[{"href":"https:\/\/robertocastricini.it\/index.php\/wp-json\/wp\/v2\/pages\/3","targetHints":{"allow":["GET"]}}],"collection":[{"href":"https:\/\/robertocastricini.it\/index.php\/wp-json\/wp\/v2\/pages"}],"about":[{"href":"https:\/\/robertocastricini.it\/index.php\/wp-json\/wp\/v2\/types\/page"}],"author":[{"embeddable":true,"href":"https:\/\/robertocastricini.it\/index.php\/wp-json\/wp\/v2\/users\/1"}],"replies":[{"embeddable":true,"href":"https:\/\/robertocastricini.it\/index.php\/wp-json\/wp\/v2\/comments?post=3"}],"version-history":[{"count":21,"href":"https:\/\/robertocastricini.it\/index.php\/wp-json\/wp\/v2\/pages\/3\/revisions"}],"predecessor-version":[{"id":214,"href":"https:\/\/robertocastricini.it\/index.php\/wp-json\/wp\/v2\/pages\/3\/revisions\/214"}],"wp:attachment":[{"href":"https:\/\/robertocastricini.it\/index.php\/wp-json\/wp\/v2\/media?parent=3"}],"curies":[{"name":"wp","href":"https:\/\/api.w.org\/{rel}","templated":true}]}}