{"id":202,"date":"2021-11-23T14:26:59","date_gmt":"2021-11-23T13:26:59","guid":{"rendered":"https:\/\/robertocastricini.it\/?page_id=202"},"modified":"2021-11-23T14:35:09","modified_gmt":"2021-11-23T13:35:09","slug":"cookie-policy","status":"publish","type":"page","link":"https:\/\/robertocastricini.it\/index.php\/cookie-policy\/","title":{"rendered":"Cookie Policy"},"content":{"rendered":"\t\t<div data-elementor-type=\"wp-page\" data-elementor-id=\"202\" class=\"elementor elementor-202\">\n\t\t\t\t\t\t<section class=\"elementor-section elementor-top-section elementor-element elementor-element-3323ace4 elementor-section-boxed elementor-section-height-default elementor-section-height-default wpr-particle-no wpr-jarallax-no wpr-parallax-no wpr-sticky-section-no wpr-column-slider-no wpr-equal-height-no\" data-id=\"3323ace4\" data-element_type=\"section\" data-e-type=\"section\">\n\t\t\t\t\t\t<div class=\"elementor-container elementor-column-gap-default\">\n\t\t\t\t\t<div class=\"elementor-column elementor-col-100 elementor-top-column elementor-element elementor-element-2dc60873\" data-id=\"2dc60873\" data-element_type=\"column\" data-e-type=\"column\">\n\t\t\t<div class=\"elementor-widget-wrap elementor-element-populated\">\n\t\t\t\t\t\t<div class=\"elementor-element elementor-element-5072c124 elementor-widget elementor-widget-text-editor\" data-id=\"5072c124\" data-element_type=\"widget\" data-e-type=\"widget\" data-widget_type=\"text-editor.default\">\n\t\t\t\t<div class=\"elementor-widget-container\">\n\t\t\t\t\t\t\t\t\t<div class=\"cli_pg_page_contaner\"><h2><span style=\"color: #0000ff;\">Informazioni sulla Policy dei Cookie<\/span><\/h2><div>Questa Cookie Policy spiega cosa sono i cookie e come li utilizziamo, i tipi di cookie che utilizziamo, ovvero le informazioni che raccogliamo utilizzando i cookie e come tali informazioni vengono utilizzate e come controllare le preferenze sui cookie. Per ulteriori informazioni su come utilizziamo, archiviamo e proteggiamo i tuoi dati personali, consulta la nostra Informativa sulla privacy.Puoi in qualsiasi momento modificare o revocare il tuo consenso dalla Dichiarazione sui cookie sul nostro sito webScopri di pi\u00f9 su chi siamo, come puoi contattarci e come trattiamo i dati personali nella nostra Informativa sulla privacy.Il tuo consenso si applica al dominio: robertocastricini.it<div class=\"cli_user_consent_state\">Il tuo stato attuale: Non \u00e8 stato concesso alcun consenso. <a class=\"cli_manage_current_consent\" style=\"cursor:pointer;text-decoration:underline;\">Gestisci il tuo consenso.<\/a> <\/div><\/div><h2><span style=\"color: #0000ff;\">Cosa sono i cookie?<\/span><\/h2><div>Cookies are small text files that are used to store small pieces of information. They are stored on your device when the website is loaded on your browser. These cookies help us make the website function properly, make it more secure, provide better user experience, and understand how the website performs and to analyze what works and where it needs improvement.<\/div><h2><span style=\"color: #0000ff;\">Come utilizziamo i cookie?<\/span><\/h2><div>Come la maggior parte dei servizi online, il nostro sito Web utilizza cookie proprietari e di terze parti per diversi scopi. I cookie di prima parte sono per lo pi\u00f9 necessari per il corretto funzionamento del sito Web e non raccolgono alcun dato di identificazione personale.The third-party cookies used on our website are mainly for understanding how the website performs, how you interact with our website, keeping our services secure, providing advertisements that are relevant to you, and all in all providing you with a better and improved user experience and help speed up your future interactions with our website.<\/div><h2><span style=\"color: #0000ff;\">Quali tipi di cookie utilizziamo?<\/span><\/h2><div>Essential: Alcuni cookie sono essenziali per poter provare la piena funzionalit\u00e0 del nostro sito. Ci consentono di mantenere le sessioni utente e prevenire eventuali minacce alla sicurezza. Non raccolgono n\u00e9 memorizzano alcuna informazione personale. Ad esempio, questi cookie ti consentono di accedere al tuo account e aggiungere prodotti al carrello e effettuare il checkout in modo sicuro.Statistics: Questi cookie memorizzano informazioni come il numero di visitatori del sito Web, il numero di visitatori unici, quali pagine del sito Web sono state visitate, l&#8217;origine della visita, ecc. Questi dati ci aiutano a capire e analizzare le prestazioni del sito Web e dove ha bisogno di miglioramenti.Marketing: Il nostro sito web mostra annunci pubblicitari. Questi cookie vengono utilizzati per personalizzare gli annunci pubblicitari che ti mostriamo in modo che siano significativi per te. Questi cookie ci aiutano anche a tenere traccia dell&#8217;efficienza di queste campagne pubblicitarie.Le informazioni memorizzate in questi cookie possono essere utilizzate anche dai fornitori di annunci di terze parti per mostrarti annunci anche su altri siti Web sul browser.Functional: Questi sono i cookie che aiutano alcune funzionalit\u00e0 non essenziali sul nostro sito web. Queste funzionalit\u00e0 includono l&#8217;incorporamento di contenuti come video o la condivisione di contenuti del sito Web su piattaforme di social media.Preferences: These cookies help us store your settings and browsing preferences like language preferences so that you have a better and efficient experience on future visits to the website.<p>The below list details the cookies used in our website.<\/p><table class=\"cookielawinfo-row-cat-table cookielawinfo-classic\"><thead><tr><th class=\"cookielawinfo-column-1\">Cookie<\/th><th class=\"cookielawinfo-column-4\">Descrizione<\/th><\/tr><\/thead><tbody><tr class=\"cookielawinfo-row\"><td class=\"cookielawinfo-column-1\">cookielawinfo-checkbox-advertisement<\/td><td class=\"cookielawinfo-column-4\"><pre id=\"tw-target-text\" class=\"tw-data-text tw-text-large tw-ta\" dir=\"ltr\" data-placeholder=\"Translation\"><span class=\"Y2IQFc\" lang=\"it\">Il cookie \u00e8 impostato dal plug-in GDPR Cookie Consent come non necessario nella categoria \"Pubblicit\u00e0\". In realt\u00e0 viene utilizzato nella pagina \"Per una visita\" e si riferisce al consenso dell'utente per generare un messaggio email di contatto al Dr. Roberto Castricini\r\n\r\n<\/span><\/pre>\r\n&nbsp;<\/td><\/tr><tr class=\"cookielawinfo-row\"><td class=\"cookielawinfo-column-1\">cookielawinfo-checkbox-analytics<\/td><td class=\"cookielawinfo-column-4\"><pre id=\"tw-target-text\" class=\"tw-data-text tw-text-large tw-ta\" dir=\"ltr\" data-placeholder=\"Translation\"><span class=\"Y2IQFc\" lang=\"it\">Questo cookie \u00e8 impostato dal plug-in GDPR Cookie Consent. Il cookie viene utilizzato per memorizzare il consenso dell'utente per i cookie nella categoria \"Analytics\".<\/span><\/pre><\/td><\/tr><tr class=\"cookielawinfo-row\"><td class=\"cookielawinfo-column-1\">cookielawinfo-checkbox-functional<\/td><td class=\"cookielawinfo-column-4\"><pre id=\"tw-target-text\" class=\"tw-data-text tw-text-large tw-ta\" dir=\"ltr\" data-placeholder=\"Translation\"><span class=\"Y2IQFc\" lang=\"it\">Il cookie \u00e8 impostato dal consenso cookie GDPR per registrare il consenso dell'utente per i cookie nella categoria \"Funzionali\".<\/span><\/pre><\/td><\/tr><tr class=\"cookielawinfo-row\"><td class=\"cookielawinfo-column-1\">cookielawinfo-checkbox-necessary<\/td><td class=\"cookielawinfo-column-4\"><pre id=\"tw-target-text\" class=\"tw-data-text tw-text-large tw-ta\" dir=\"ltr\" data-placeholder=\"Translation\"><span class=\"Y2IQFc\" lang=\"it\">Questo cookie \u00e8 impostato dal plug-in GDPR Cookie Consent. I cookie vengono utilizzati per memorizzare il consenso dell'utente per i cookie nella categoria \"Necessari\".<\/span><\/pre><\/td><\/tr><tr class=\"cookielawinfo-row\"><td class=\"cookielawinfo-column-1\">cookielawinfo-checkbox-others<\/td><td class=\"cookielawinfo-column-4\"><pre id=\"tw-target-text\" class=\"tw-data-text tw-text-large tw-ta\" dir=\"ltr\" data-placeholder=\"Translation\"><span class=\"Y2IQFc\" lang=\"it\">Questo cookie \u00e8 impostato dal plug-in GDPR Cookie Consent. Il cookie viene utilizzato per memorizzare il consenso dell'utente per i cookie nella categoria \"Altri\".<\/span><\/pre><\/td><\/tr><tr class=\"cookielawinfo-row\"><td class=\"cookielawinfo-column-1\">cookielawinfo-checkbox-performance<\/td><td class=\"cookielawinfo-column-4\"><pre id=\"tw-target-text\" class=\"tw-data-text tw-text-large tw-ta\" dir=\"ltr\" data-placeholder=\"Translation\"><span class=\"Y2IQFc\" lang=\"it\">Questo cookie \u00e8 impostato dal plug-in GDPR Cookie Consent. Il cookie viene utilizzato per memorizzare il consenso dell'utente per i cookie nella categoria \"Prestazioni\".<\/span><\/pre><\/td><\/tr><tr class=\"cookielawinfo-row\"><td class=\"cookielawinfo-column-1\">viewed_cookie_policy<\/td><td class=\"cookielawinfo-column-4\"><pre id=\"tw-target-text\" class=\"tw-data-text tw-text-large tw-ta\" dir=\"ltr\" data-placeholder=\"Translation\"><span class=\"Y2IQFc\" lang=\"it\">Il cookie \u00e8 impostato dal plug-in GDPR Cookie Consent e viene utilizzato per memorizzare se l'utente ha acconsentito o meno all'uso dei cookie. Non memorizza alcun dato personale.<\/span><\/pre><\/td><\/tr><\/tbody><\/table><\/div><h2><span style=\"color: #0000ff;\">Come posso controllare le preferenze sui cookie?<\/span><\/h2><div>Se decidi di modificare le tue preferenze in un secondo momento durante la sessione di navigazione, puoi fare clic sulla scheda &#8220;Privacy &amp; Cookie Policy&#8221; sullo schermo. Questo visualizzer\u00e0 nuovamente l&#8217;avviso di consenso che ti consentir\u00e0 di modificare le tue preferenze o ritirare completamente il tuo consenso.<br \/>Oltre a ci\u00f2, browser diversi forniscono metodi diversi per bloccare ed eliminare i cookie utilizzati dai siti web. Puoi modificare le impostazioni del tuo browser per bloccare\/cancellare i cookie. Per saperne di pi\u00f9 su come gestire ed eliminare i cookie, visita wikipedia.org, www.allaboutcookies.org.<\/div><\/div>\t\t\t\t\t\t\t\t<\/div>\n\t\t\t\t<\/div>\n\t\t\t\t\t<\/div>\n\t\t<\/div>\n\t\t\t\t\t<\/div>\n\t\t<\/section>\n\t\t\t\t<\/div>\n\t\t","protected":false},"excerpt":{"rendered":"<p>Informazioni sulla Policy dei Cookie Questa Cookie Policy spiega cosa sono i cookie e come li utilizziamo, i tipi di cookie che utilizziamo, ovvero le informazioni che raccogliamo utilizzando i cookie e come tali informazioni vengono utilizzate e come controllare le preferenze sui cookie. Per ulteriori informazioni su come utilizziamo, archiviamo e proteggiamo i tuoi dati personali, consulta la nostra Informativa sulla privacy.Puoi in qualsiasi momento modificare o revocare il tuo consenso dalla Dichiarazione sui cookie sul nostro sito webScopri di pi\u00f9 su chi siamo, come puoi contattarci e come trattiamo i dati personali nella nostra Informativa sulla privacy.Il tuo consenso si applica al dominio: robertocastricini.it Cosa sono i cookie? Cookies are small text files that are used to store small pieces of information. They are stored on your device when the website is loaded on your browser. These cookies help us make the website function properly, make it more secure, provide better user experience, and understand how the website performs and to analyze what works and where it needs improvement. Come utilizziamo i cookie? Come la maggior parte dei servizi online, il nostro sito Web utilizza cookie proprietari e di terze parti per diversi scopi. I cookie di prima parte sono per lo pi\u00f9 necessari per il corretto funzionamento del sito Web e non raccolgono alcun dato di identificazione personale.The third-party cookies used on our website are mainly for understanding how the website performs, how you interact with our website, keeping our services secure, providing advertisements that are relevant to you, and all in all providing you with a better and improved user experience and help speed up your future interactions with our website. Quali tipi di cookie utilizziamo? Essential: Alcuni cookie sono essenziali per poter provare la piena funzionalit\u00e0 del nostro sito. Ci consentono di mantenere le sessioni utente e prevenire eventuali minacce alla sicurezza. Non raccolgono n\u00e9 memorizzano alcuna informazione personale. Ad esempio, questi cookie ti consentono di accedere al tuo account e aggiungere prodotti al carrello e effettuare il checkout in modo sicuro.Statistics: Questi cookie memorizzano informazioni come il numero di visitatori del sito Web, il numero di visitatori unici, quali pagine del sito Web sono state visitate, l&#8217;origine della visita, ecc. Questi dati ci aiutano a capire e analizzare le prestazioni del sito Web e dove ha bisogno di miglioramenti.Marketing: Il nostro sito web mostra annunci pubblicitari. Questi cookie vengono utilizzati per personalizzare gli annunci pubblicitari che ti mostriamo in modo che siano significativi per te. Questi cookie ci aiutano anche a tenere traccia dell&#8217;efficienza di queste campagne pubblicitarie.Le informazioni memorizzate in questi cookie possono essere utilizzate anche dai fornitori di annunci di terze parti per mostrarti annunci anche su altri siti Web sul browser.Functional: Questi sono i cookie che aiutano alcune funzionalit\u00e0 non essenziali sul nostro sito web. Queste funzionalit\u00e0 includono l&#8217;incorporamento di contenuti come video o la condivisione di contenuti del sito Web su piattaforme di social media.Preferences: These cookies help us store your settings and browsing preferences like language preferences so that you have a better and efficient experience on future visits to the website. Come posso controllare le preferenze sui cookie? Se decidi di modificare le tue preferenze in un secondo momento durante la sessione di navigazione, puoi fare clic sulla scheda &#8220;Privacy &amp; Cookie Policy&#8221; sullo schermo. Questo visualizzer\u00e0 nuovamente l&#8217;avviso di consenso che ti consentir\u00e0 di modificare le tue preferenze o ritirare completamente il tuo consenso.Oltre a ci\u00f2, browser diversi forniscono metodi diversi per bloccare ed eliminare i cookie utilizzati dai siti web. Puoi modificare le impostazioni del tuo browser per bloccare\/cancellare i cookie. Per saperne di pi\u00f9 su come gestire ed eliminare i cookie, visita wikipedia.org, www.allaboutcookies.org.<\/p>\n","protected":false},"author":1,"featured_media":0,"parent":0,"menu_order":0,"comment_status":"closed","ping_status":"closed","template":"","meta":{"footnotes":""},"class_list":["post-202","page","type-page","status-publish","hentry"],"yoast_head":"<!-- This site is optimized with the Yoast SEO plugin v27.6 - https:\/\/yoast.com\/product\/yoast-seo-wordpress\/ -->\n<title>Cookie Policy - Roberto Castricini<\/title>\n<meta name=\"description\" content=\"Cookie Policy - Roberto Castricini\" \/>\n<meta name=\"robots\" content=\"noindex, nofollow\" \/>\n<meta property=\"og:locale\" content=\"it_IT\" \/>\n<meta property=\"og:type\" content=\"article\" \/>\n<meta property=\"og:title\" content=\"Cookie Policy - Roberto Castricini\" \/>\n<meta property=\"og:description\" content=\"Cookie Policy - Roberto Castricini\" \/>\n<meta property=\"og:url\" content=\"https:\/\/robertocastricini.it\/index.php\/cookie-policy\/\" \/>\n<meta property=\"og:site_name\" content=\"Roberto Castricini\" \/>\n<meta property=\"article:modified_time\" content=\"2021-11-23T13:35:09+00:00\" \/>\n<meta name=\"twitter:card\" content=\"summary_large_image\" \/>\n<meta name=\"twitter:label1\" content=\"Tempo di lettura stimato\" \/>\n\t<meta name=\"twitter:data1\" content=\"3 minuti\" \/>\n<script type=\"application\/ld+json\" class=\"yoast-schema-graph\">{\"@context\":\"https:\\\/\\\/schema.org\",\"@graph\":[{\"@type\":[\"WebPage\",\"MedicalWebPage\"],\"@id\":\"https:\\\/\\\/robertocastricini.it\\\/index.php\\\/cookie-policy\\\/\",\"url\":\"https:\\\/\\\/robertocastricini.it\\\/index.php\\\/cookie-policy\\\/\",\"name\":\"Cookie Policy - Roberto Castricini\",\"isPartOf\":{\"@id\":\"https:\\\/\\\/robertocastricini.it\\\/#website\"},\"datePublished\":\"2021-11-23T13:26:59+00:00\",\"dateModified\":\"2021-11-23T13:35:09+00:00\",\"description\":\"Cookie Policy - Roberto Castricini\",\"breadcrumb\":{\"@id\":\"https:\\\/\\\/robertocastricini.it\\\/index.php\\\/cookie-policy\\\/#breadcrumb\"},\"inLanguage\":\"it-IT\",\"potentialAction\":[{\"@type\":\"ReadAction\",\"target\":[\"https:\\\/\\\/robertocastricini.it\\\/index.php\\\/cookie-policy\\\/\"]}]},{\"@type\":\"BreadcrumbList\",\"@id\":\"https:\\\/\\\/robertocastricini.it\\\/index.php\\\/cookie-policy\\\/#breadcrumb\",\"itemListElement\":[{\"@type\":\"ListItem\",\"position\":1,\"name\":\"Home\",\"item\":\"https:\\\/\\\/robertocastricini.it\\\/\"},{\"@type\":\"ListItem\",\"position\":2,\"name\":\"Cookie Policy\"}]},{\"@type\":\"WebSite\",\"@id\":\"https:\\\/\\\/robertocastricini.it\\\/#website\",\"url\":\"https:\\\/\\\/robertocastricini.it\\\/\",\"name\":\"Roberto Castricini\",\"description\":\"Specialista per la spalla\",\"publisher\":{\"@id\":\"https:\\\/\\\/robertocastricini.it\\\/#\\\/schema\\\/person\\\/c8445f14ffdbf7a88c578738b6c94844\"},\"potentialAction\":[{\"@type\":\"SearchAction\",\"target\":{\"@type\":\"EntryPoint\",\"urlTemplate\":\"https:\\\/\\\/robertocastricini.it\\\/?s={search_term_string}\"},\"query-input\":{\"@type\":\"PropertyValueSpecification\",\"valueRequired\":true,\"valueName\":\"search_term_string\"}}],\"inLanguage\":\"it-IT\"},{\"@type\":[\"Person\",\"Organization\"],\"@id\":\"https:\\\/\\\/robertocastricini.it\\\/#\\\/schema\\\/person\\\/c8445f14ffdbf7a88c578738b6c94844\",\"name\":\"admin\",\"image\":{\"@type\":\"ImageObject\",\"inLanguage\":\"it-IT\",\"@id\":\"https:\\\/\\\/robertocastricini.it\\\/wp-content\\\/uploads\\\/2021\\\/11\\\/Info_foto-e1639344635874.jpg\",\"url\":\"https:\\\/\\\/robertocastricini.it\\\/wp-content\\\/uploads\\\/2021\\\/11\\\/Info_foto-e1639344635874.jpg\",\"contentUrl\":\"https:\\\/\\\/robertocastricini.it\\\/wp-content\\\/uploads\\\/2021\\\/11\\\/Info_foto-e1639344635874.jpg\",\"width\":202,\"height\":185,\"caption\":\"admin\"},\"logo\":{\"@id\":\"https:\\\/\\\/robertocastricini.it\\\/wp-content\\\/uploads\\\/2021\\\/11\\\/Info_foto-e1639344635874.jpg\"},\"sameAs\":[\"https:\\\/\\\/robertocastricini.it\"]}]}<\/script>\n<!-- \/ Yoast SEO plugin. -->","yoast_head_json":{"title":"Cookie Policy - Roberto Castricini","description":"Cookie Policy - Roberto Castricini","robots":{"index":"noindex","follow":"nofollow"},"og_locale":"it_IT","og_type":"article","og_title":"Cookie Policy - Roberto Castricini","og_description":"Cookie Policy - Roberto Castricini","og_url":"https:\/\/robertocastricini.it\/index.php\/cookie-policy\/","og_site_name":"Roberto Castricini","article_modified_time":"2021-11-23T13:35:09+00:00","twitter_card":"summary_large_image","twitter_misc":{"Tempo di lettura stimato":"3 minuti"},"schema":{"@context":"https:\/\/schema.org","@graph":[{"@type":["WebPage","MedicalWebPage"],"@id":"https:\/\/robertocastricini.it\/index.php\/cookie-policy\/","url":"https:\/\/robertocastricini.it\/index.php\/cookie-policy\/","name":"Cookie Policy - Roberto Castricini","isPartOf":{"@id":"https:\/\/robertocastricini.it\/#website"},"datePublished":"2021-11-23T13:26:59+00:00","dateModified":"2021-11-23T13:35:09+00:00","description":"Cookie Policy - Roberto Castricini","breadcrumb":{"@id":"https:\/\/robertocastricini.it\/index.php\/cookie-policy\/#breadcrumb"},"inLanguage":"it-IT","potentialAction":[{"@type":"ReadAction","target":["https:\/\/robertocastricini.it\/index.php\/cookie-policy\/"]}]},{"@type":"BreadcrumbList","@id":"https:\/\/robertocastricini.it\/index.php\/cookie-policy\/#breadcrumb","itemListElement":[{"@type":"ListItem","position":1,"name":"Home","item":"https:\/\/robertocastricini.it\/"},{"@type":"ListItem","position":2,"name":"Cookie Policy"}]},{"@type":"WebSite","@id":"https:\/\/robertocastricini.it\/#website","url":"https:\/\/robertocastricini.it\/","name":"Roberto Castricini","description":"Specialista per la spalla","publisher":{"@id":"https:\/\/robertocastricini.it\/#\/schema\/person\/c8445f14ffdbf7a88c578738b6c94844"},"potentialAction":[{"@type":"SearchAction","target":{"@type":"EntryPoint","urlTemplate":"https:\/\/robertocastricini.it\/?s={search_term_string}"},"query-input":{"@type":"PropertyValueSpecification","valueRequired":true,"valueName":"search_term_string"}}],"inLanguage":"it-IT"},{"@type":["Person","Organization"],"@id":"https:\/\/robertocastricini.it\/#\/schema\/person\/c8445f14ffdbf7a88c578738b6c94844","name":"admin","image":{"@type":"ImageObject","inLanguage":"it-IT","@id":"https:\/\/robertocastricini.it\/wp-content\/uploads\/2021\/11\/Info_foto-e1639344635874.jpg","url":"https:\/\/robertocastricini.it\/wp-content\/uploads\/2021\/11\/Info_foto-e1639344635874.jpg","contentUrl":"https:\/\/robertocastricini.it\/wp-content\/uploads\/2021\/11\/Info_foto-e1639344635874.jpg","width":202,"height":185,"caption":"admin"},"logo":{"@id":"https:\/\/robertocastricini.it\/wp-content\/uploads\/2021\/11\/Info_foto-e1639344635874.jpg"},"sameAs":["https:\/\/robertocastricini.it"]}]}},"jetpack_sharing_enabled":true,"_links":{"self":[{"href":"https:\/\/robertocastricini.it\/index.php\/wp-json\/wp\/v2\/pages\/202","targetHints":{"allow":["GET"]}}],"collection":[{"href":"https:\/\/robertocastricini.it\/index.php\/wp-json\/wp\/v2\/pages"}],"about":[{"href":"https:\/\/robertocastricini.it\/index.php\/wp-json\/wp\/v2\/types\/page"}],"author":[{"embeddable":true,"href":"https:\/\/robertocastricini.it\/index.php\/wp-json\/wp\/v2\/users\/1"}],"replies":[{"embeddable":true,"href":"https:\/\/robertocastricini.it\/index.php\/wp-json\/wp\/v2\/comments?post=202"}],"version-history":[{"count":4,"href":"https:\/\/robertocastricini.it\/index.php\/wp-json\/wp\/v2\/pages\/202\/revisions"}],"predecessor-version":[{"id":206,"href":"https:\/\/robertocastricini.it\/index.php\/wp-json\/wp\/v2\/pages\/202\/revisions\/206"}],"wp:attachment":[{"href":"https:\/\/robertocastricini.it\/index.php\/wp-json\/wp\/v2\/media?parent=202"}],"curies":[{"name":"wp","href":"https:\/\/api.w.org\/{rel}","templated":true}]}}